{"id":4975,"date":"2022-10-13T15:52:08","date_gmt":"2022-10-13T15:52:08","guid":{"rendered":"https:\/\/belgranocell.com.ar\/?post_type=product&#038;p=4975"},"modified":"2022-10-13T15:59:47","modified_gmt":"2022-10-13T15:59:47","slug":"curso-basico-clases-particulares-uso-manejo-iphone-y-ipad","status":"publish","type":"product","link":"https:\/\/belgranocell.com.ar\/index.php\/product\/curso-basico-clases-particulares-uso-manejo-iphone-y-ipad\/","title":{"rendered":"Curso Basico Clases Particulares Uso Manejo iPhone Y IPad"},"content":{"rendered":"<p>ESTRUCTURA Y FUNCIONAMIENTO<br \/>\nBotones exteriores<br \/>\nBotones frontales<br \/>\nMen\u00fa e iconos<br \/>\nEl teclado<br \/>\nLa \u00abcortina\u00bb superior<br \/>\nEl miedo a hacer algo irreparable<\/p>\n<p>LLAMADAS<br \/>\nC\u00f3mo hacer una llamada<br \/>\nC\u00f3mo hacer aparecer el teclado durante la llamada<br \/>\nC\u00f3mo responder una llamada<\/p>\n<p>CONTACTOS<br \/>\nC\u00f3mo a\u00f1adir a alguien a mi lista de contactos<br \/>\nC\u00f3mo guardar en \u00abContactos\u00bb el n\u00famero de alguien que nos ha llamado<br \/>\nC\u00f3mo buscar a alguien en mi lista de contactos<br \/>\nC\u00f3mo modificar un contacto<br \/>\nC\u00f3mo eliminar un contacto<br \/>\nC\u00f3mo pasar un contacto de la tarjeta SIM al tel\u00e9fono y viceversa<br \/>\nNo me aparecen algunos de los contactos en la agenda<\/p>\n<p>CALENDARIO<br \/>\nC\u00f3mo crear un evento en el calendario<br \/>\nC\u00f3mo modificar un evento en el calendario<br \/>\nC\u00f3mo eliminar un evento del calendario<\/p>\n<p>NOTAS\/MEMOS<br \/>\nC\u00f3mo crear una nota en nuestro tel\u00e9fono<br \/>\nC\u00f3mo modificar una nota en nuestro tel\u00e9fono<br \/>\nC\u00f3mo eliminar una nota de nuestro tel\u00e9fono<\/p>\n<p>RELOJ<br \/>\nReloj mundial<br \/>\nCron\u00f3metro y cuenta atr\u00e1s\/temporizador<br \/>\nC\u00f3mo programar una alarma en el tel\u00e9fono<br \/>\nC\u00f3mo modificar una alarma en el tel\u00e9fono<br \/>\nC\u00f3mo eliminar una alarma en el tel\u00e9fono<\/p>\n<p>APP STORE<br \/>\nQu\u00e9 es y para qu\u00e9 me sirve<br \/>\nC\u00f3mo buscar algo<br \/>\nC\u00f3mo instalar algo<br \/>\nC\u00f3mo actualizar algo<br \/>\nC\u00f3mo eliminar\/desinstalar algo<\/p>\n<p>WHATSAPP<br \/>\nC\u00f3mo es la estructura del programa<br \/>\nLos contactos en el WhatsApp<br \/>\nC\u00f3mo ver el perfil de un contacto o grupo<br \/>\nC\u00f3mo mandar un mensaje de texto<br \/>\nC\u00f3mo mandar y escuchar un mensaje de voz<br \/>\nC\u00f3mo mandar una fotograf\u00eda o v\u00eddeo<br \/>\nC\u00f3mo saber si han le\u00eddo mi mensaje<br \/>\nC\u00f3mo hacer una llamada o una videollamada<br \/>\nC\u00f3mo borrar un mensaje o una conversaci\u00f3n<br \/>\nC\u00f3mo crear un grupo<br \/>\nC\u00f3mo salir de un grupo en el que me han metido<br \/>\nC\u00f3mo borrar un grupo de mi WhatsApp<br \/>\nC\u00f3mo modificar mi perfil (mi foto)<\/p>\n<p>SMS O MENSAJES TRADICIONALES<br \/>\nC\u00f3mo leer un mensaje<br \/>\nC\u00f3mo escribir un mensaje<br \/>\nC\u00f3mo responder un mensaje<br \/>\nC\u00f3mo borrar un mensaje<\/p>\n<p>LA C\u00c1MARA<br \/>\nC\u00f3mo sacar una fotograf\u00eda<br \/>\nC\u00f3mo grabar un v\u00eddeo<br \/>\nQu\u00e9 es y c\u00f3mo sacar un \u00abselfie\u00bb (si nuestro tel\u00e9fono tiene esa opci\u00f3n)<br \/>\nC\u00f3mo manejar el zoom<\/p>\n<p>No incluye<br \/>\nservicio a domicilio<\/p>\n<p>M\u00e1s informaci\u00f3n<br \/>\nLA GALER\u00cdA \/ ALBUM \/ FOTOS<br \/>\nC\u00f3mo visualizar las fotos o v\u00eddeos de nuestro tel\u00e9fono<br \/>\nC\u00f3mo borrar fotos o v\u00eddeos (de uno en uno)<br \/>\nC\u00f3mo borrar fotos o v\u00eddeos (varios a la vez)<br \/>\nC\u00f3mo enviar por WhatsApp una foto o v\u00eddeo desde galer\u00eda<br \/>\nC\u00f3mo enviar por correo electr\u00f3nico una foto o v\u00eddeo desde galer\u00eda<\/p>\n<p>EL CORREO ELECTR\u00d3NICO (EMAIL)<br \/>\nDiferencia entre los iconos Gmail y correo electr\u00f3nico<br \/>\nC\u00f3mo configurar mi correo electr\u00f3nico en el tel\u00e9fono<br \/>\nC\u00f3mo leer un email<br \/>\nC\u00f3mo mandar un email<br \/>\nC\u00f3mo responder o reenviar un email<br \/>\nC\u00f3mo borrar los correos<br \/>\nLos contactos de correo en el tel\u00e9fono<\/p>\n<p>INTERNET EN EL MOVIL<br \/>\nC\u00f3mo entrar en Internet: diferencia entre Google y navegador<br \/>\nC\u00f3mo ir a una direcci\u00f3n que ya sabemos (navegador)<br \/>\nC\u00f3mo buscar algo en Internet (Google)<br \/>\nC\u00f3mo a\u00f1adir una p\u00e1gina a \u00abFavoritos\u00bb\/\u00bbMarcadores\u00bb<br \/>\nC\u00f3mo accedemos a nuestra lista de \u00abFavoritos\u00bb\/\u00bbMarcadores\u00bb<\/p>\n<p>MODO ON LINE VIDEOLLAMADA POR WHATSAPP<br \/>\nPARA DISFRUTARLO A FULL<br \/>\nESTAMOS PARA AYUDARTE<\/p>\n","protected":false},"excerpt":{"rendered":"<p>Manejo de : Contactos, Llamadas, Email, Calendario, notas, reloj, sms, chats, Camara y galeria de fotos, internet, ajustes y configuracion<br \/>\nComo usar Google, WhatsApp, YouTube Redes sociales (Facebook, Twitter, Instagram, LinkedIn, Telegram)<br \/>\nComo descargar de m\u00fasica y videos de internet<br \/>\nC\u00f3mo publicar en marketplace y en Mercado libre, etc.<br \/>\nComo usar mercado pago y otras billeteras virtuales<br \/>\nComo hacer Transferencias bancarias, lectura de c\u00f3digo QR, etc,<br \/>\nComo descargar aplicaciones en icloud<br \/>\nComo crearse una billetera de criptomonedas<br \/>\nUso de la Impresora y Scanner<br \/>\nInstalaci\u00f3n de Impresoras<br \/>\nDescargas de archivos.<br \/>\nComo guardar en disco, pendrive, en memoria sd y en icloud<br \/>\nOffice excel y word<br \/>\ny mas consutas que usted tenga<\/p>\n","protected":false},"featured_media":4976,"comment_status":"open","ping_status":"closed","template":"","meta":{"om_disable_all_campaigns":false,"_monsterinsights_skip_tracking":false,"_monsterinsights_sitenote_active":false,"_monsterinsights_sitenote_note":"","_monsterinsights_sitenote_category":0},"product_brand":[],"product_cat":[15],"product_tag":[],"class_list":{"0":"post-4975","1":"product","2":"type-product","3":"status-publish","4":"has-post-thumbnail","6":"product_cat-uncategorized","8":"first","9":"instock","10":"taxable","11":"shipping-taxable","12":"product-type-simple"},"_links":{"self":[{"href":"https:\/\/belgranocell.com.ar\/index.php\/wp-json\/wp\/v2\/product\/4975","targetHints":{"allow":["GET"]}}],"collection":[{"href":"https:\/\/belgranocell.com.ar\/index.php\/wp-json\/wp\/v2\/product"}],"about":[{"href":"https:\/\/belgranocell.com.ar\/index.php\/wp-json\/wp\/v2\/types\/product"}],"replies":[{"embeddable":true,"href":"https:\/\/belgranocell.com.ar\/index.php\/wp-json\/wp\/v2\/comments?post=4975"}],"wp:featuredmedia":[{"embeddable":true,"href":"https:\/\/belgranocell.com.ar\/index.php\/wp-json\/wp\/v2\/media\/4976"}],"wp:attachment":[{"href":"https:\/\/belgranocell.com.ar\/index.php\/wp-json\/wp\/v2\/media?parent=4975"}],"wp:term":[{"taxonomy":"product_brand","embeddable":true,"href":"https:\/\/belgranocell.com.ar\/index.php\/wp-json\/wp\/v2\/product_brand?post=4975"},{"taxonomy":"product_cat","embeddable":true,"href":"https:\/\/belgranocell.com.ar\/index.php\/wp-json\/wp\/v2\/product_cat?post=4975"},{"taxonomy":"product_tag","embeddable":true,"href":"https:\/\/belgranocell.com.ar\/index.php\/wp-json\/wp\/v2\/product_tag?post=4975"}],"curies":[{"name":"wp","href":"https:\/\/api.w.org\/{rel}","templated":true}]}}